{"id":22717,"date":"2024-11-16T17:17:13","date_gmt":"2024-11-16T17:17:13","guid":{"rendered":"https:\/\/cheaprentacarpanama.com\/?page_id=22717"},"modified":"2025-12-13T15:10:30","modified_gmt":"2025-12-13T20:10:30","slug":"muchas-gracias","status":"publish","type":"page","link":"https:\/\/cheaprentacarpanama.com\/en\/muchas-gracias\/","title":{"rendered":"Muchas Gracias"},"content":{"rendered":"<div data-elementor-type=\"wp-page\" data-elementor-id=\"22717\" class=\"elementor elementor-22717\">\n\t\t\t\t        <section class=\"elementor-section elementor-top-section elementor-element elementor-element-6b58873 elementor-section-boxed elementor-section-height-default elementor-section-height-default pxl-row-scroll-none pxl-zoom-point-false pxl-section-overflow-visible pxl-section-fix-none pxl-bg-color-none pxl-section-overlay-none\" data-id=\"6b58873\" data-element_type=\"section\">\n\n                \n                <div class=\"elementor-container elementor-column-gap-default\">\n                <div class=\"elementor-column elementor-col-100 elementor-top-column elementor-element elementor-element-b4cc927 pxl-column-none pxl-column-overflow-hidden-no\" data-id=\"b4cc927\" data-element_type=\"column\">\r\n        <div class=\"elementor-widget-wrap elementor-element-populated\">\r\n                     \r\n        \t\t<div class=\"elementor-element elementor-element-ae673db elementor-widget__width-inherit elementor-widget-tablet_extra__width-inherit elementor-widget-laptop__width-initial elementor-widget elementor-widget-pxl_icon_box\" data-id=\"ae673db\" data-element_type=\"widget\" data-widget_type=\"pxl_icon_box.default\">\n\t\t\t\t<div class=\"elementor-widget-container\">\n\t\t\t\r\n<div class=\"pxl-icon-box pxl-icon-box1 default\" data-wow-delay=\"ms\">\r\n    <div class=\"pxl-item--inner\">\r\n        <!-- Show icon -->\r\n                    <div class=\"pxl-item--icon\">\r\n                <i aria-hidden=\"true\" class=\"flaticon flaticon-email\"><\/i>            <\/div>\r\n                \r\n\r\n\r\n        \r\n        <!-- Content -->\r\n        <div class=\"pxl-item--content\">\r\n            <!-- Title -->\r\n            <h3 class=\"pxl-item--title el-empty\">Thanks for choosing us!<\/h3>\r\n            <!-- Description -->\r\n            <div class=\"pxl-item--description el-empty\">\r\n                Your request has been received.\n            <\/div>\r\n            <!-- Link -->\r\n                    <\/div>        \r\n    <\/div>\r\n<\/div>\r\n\r\n\r\n\r\n\r\n\r\n\r\n<!--  -->\r\n\t\t<\/div>\n\t\t\t\t<\/div>\n\t\t\t\t<div class=\"elementor-element elementor-element-eacea2c elementor-widget elementor-widget-text-editor\" data-id=\"eacea2c\" data-element_type=\"widget\" data-widget_type=\"text-editor.default\">\n\t\t\t\t<div class=\"elementor-widget-container\">\n\t\t\t\t\t\t\t<p align=\"justify\">We have successfully received your application. An agent from our team will contact you as soon as possible to assist you in the rental process and answer any questions you may have.<\/p>\n<h1><strong style=\"letter-spacing: 0px;\">Para agilizar tu reserva, cont\u00e1ctanos ahora mismo por WhatsApp: 6679-0836<\/strong><\/h1>\n<p align=\"justify\"><strong>&nbsp;<\/strong><\/p>\n<p align=\"justify\"><strong style=\"letter-spacing: 0px;\">Your Adventure Starts Here<\/strong><\/p>\n<p align=\"justify\">Prep\u00e1rate para explorar Panam\u00e1 con comodidad y confianza. \u00a1Estamos emocionados de ser parte de tu viaje<\/p>\n<p align=\"justify\">\n<\/p>\t\t\t\t\t\t<\/div>\n\t\t\t\t<\/div>\n\t\t            <\/div>\r\n        <\/div>\r\n        \t\t\t<\/div>\n\t\t<\/section>\n\t\t\t\t<\/div>","protected":false},"excerpt":{"rendered":"<p>\u00a1Gracias por Elegirnos! Tu Solicitud ha sido Recibida. Hemos recibido tu solicitud con \u00e9xito. Un agente de nuestro equipo se pondr\u00e1 en contacto contigo lo m\u00e1s pronto posible para asistirte en el proceso de alquiler y contestar cualquier pregunta que tengas. Para agilizar tu reserva, cont\u00e1ctanos ahora mismo por WhatsApp: 6679-0836 &nbsp; Tu Aventura Comienza [&hellip;]<\/p>","protected":false},"author":1,"featured_media":0,"parent":0,"menu_order":7,"comment_status":"closed","ping_status":"closed","template":"","meta":{"inline_featured_image":false,"footnotes":""},"class_list":["post-22717","page","type-page","status-publish","hentry"],"yoast_head":"<!-- This site is optimized with the Yoast SEO Premium plugin v23.8 (Yoast SEO v23.8) - https:\/\/yoast.com\/wordpress\/plugins\/seo\/ -->\n<title>Muchas Gracias<\/title>\n<meta name=\"robots\" content=\"index, follow, max-snippet:-1, max-image-preview:large, max-video-preview:-1\" \/>\n<link rel=\"canonical\" href=\"https:\/\/cheaprentacarpanama.com\/en\/muchas-gracias\/\" \/>\n<meta property=\"og:locale\" content=\"en_GB\" \/>\n<meta property=\"og:type\" content=\"article\" \/>\n<meta property=\"og:title\" content=\"Muchas Gracias\" \/>\n<meta property=\"og:description\" content=\"\u00a1Gracias por Elegirnos! Tu Solicitud ha sido Recibida. Hemos recibido tu solicitud con \u00e9xito. Un agente de nuestro equipo se pondr\u00e1 en contacto contigo lo m\u00e1s pronto posible para asistirte en el proceso de alquiler y contestar cualquier pregunta que tengas. Para agilizar tu reserva, cont\u00e1ctanos ahora mismo por WhatsApp: 6679-0836 &nbsp; Tu Aventura Comienza [&hellip;]\" \/>\n<meta property=\"og:url\" content=\"https:\/\/cheaprentacarpanama.com\/en\/muchas-gracias\/\" \/>\n<meta property=\"og:site_name\" content=\"Cheap Rent a Car\" \/>\n<meta property=\"article:publisher\" content=\"https:\/\/www.facebook.com\/cheaprentacarpty\" \/>\n<meta property=\"article:modified_time\" content=\"2025-12-13T20:10:30+00:00\" \/>\n<meta property=\"og:image\" content=\"https:\/\/cheaprentacarpanama.com\/wp-content\/uploads\/2025\/04\/alquiler-2.jpg\" \/>\n\t<meta property=\"og:image:width\" content=\"1200\" \/>\n\t<meta property=\"og:image:height\" content=\"675\" \/>\n\t<meta property=\"og:image:type\" content=\"image\/jpeg\" \/>\n<meta name=\"twitter:card\" content=\"summary_large_image\" \/>\n<meta name=\"twitter:label1\" content=\"Estimated reading time\" \/>\n\t<meta name=\"twitter:data1\" content=\"1 minute\" \/>\n<script type=\"application\/ld+json\" class=\"yoast-schema-graph\">{\"@context\":\"https:\/\/schema.org\",\"@graph\":[{\"@type\":\"WebPage\",\"@id\":\"https:\/\/cheaprentacarpanama.com\/muchas-gracias\/\",\"url\":\"https:\/\/cheaprentacarpanama.com\/muchas-gracias\/\",\"name\":\"Muchas Gracias\",\"isPartOf\":{\"@id\":\"https:\/\/cheaprentacarpanama.com\/#website\"},\"datePublished\":\"2024-11-16T17:17:13+00:00\",\"dateModified\":\"2025-12-13T20:10:30+00:00\",\"breadcrumb\":{\"@id\":\"https:\/\/cheaprentacarpanama.com\/muchas-gracias\/#breadcrumb\"},\"inLanguage\":\"en-GB\",\"potentialAction\":[{\"@type\":\"ReadAction\",\"target\":[\"https:\/\/cheaprentacarpanama.com\/muchas-gracias\/\"]}]},{\"@type\":\"BreadcrumbList\",\"@id\":\"https:\/\/cheaprentacarpanama.com\/muchas-gracias\/#breadcrumb\",\"itemListElement\":[{\"@type\":\"ListItem\",\"position\":1,\"name\":\"Portada\",\"item\":\"https:\/\/cheaprentacarpanama.com\/\"},{\"@type\":\"ListItem\",\"position\":2,\"name\":\"Muchas Gracias\"}]},{\"@type\":\"WebSite\",\"@id\":\"https:\/\/cheaprentacarpanama.com\/#website\",\"url\":\"https:\/\/cheaprentacarpanama.com\/\",\"name\":\"Cheap Rent a Car Panama\",\"description\":\"\",\"publisher\":{\"@id\":\"https:\/\/cheaprentacarpanama.com\/#organization\"},\"potentialAction\":[{\"@type\":\"SearchAction\",\"target\":{\"@type\":\"EntryPoint\",\"urlTemplate\":\"https:\/\/cheaprentacarpanama.com\/?s={search_term_string}\"},\"query-input\":{\"@type\":\"PropertyValueSpecification\",\"valueRequired\":true,\"valueName\":\"search_term_string\"}}],\"inLanguage\":\"en-GB\"},{\"@type\":\"Organization\",\"@id\":\"https:\/\/cheaprentacarpanama.com\/#organization\",\"name\":\"Cheap Rent a Car\",\"url\":\"https:\/\/cheaprentacarpanama.com\/\",\"logo\":{\"@type\":\"ImageObject\",\"inLanguage\":\"en-GB\",\"@id\":\"https:\/\/cheaprentacarpanama.com\/#\/schema\/logo\/image\/\",\"url\":\"https:\/\/cheaprentacarpanama.com\/wp-content\/uploads\/2025\/04\/logoi23.jpg\",\"contentUrl\":\"https:\/\/cheaprentacarpanama.com\/wp-content\/uploads\/2025\/04\/logoi23.jpg\",\"width\":1920,\"height\":1080,\"caption\":\"Cheap Rent a Car\"},\"image\":{\"@id\":\"https:\/\/cheaprentacarpanama.com\/#\/schema\/logo\/image\/\"},\"sameAs\":[\"https:\/\/www.facebook.com\/cheaprentacarpty\",\"https:\/\/www.instagram.com\/cheaprentacarpty\"]}]}<\/script>\n<!-- \/ Yoast SEO Premium plugin. -->","yoast_head_json":{"title":"Muchas Gracias","robots":{"index":"index","follow":"follow","max-snippet":"max-snippet:-1","max-image-preview":"max-image-preview:large","max-video-preview":"max-video-preview:-1"},"canonical":"https:\/\/cheaprentacarpanama.com\/en\/muchas-gracias\/","og_locale":"en_GB","og_type":"article","og_title":"Muchas Gracias","og_description":"\u00a1Gracias por Elegirnos! Tu Solicitud ha sido Recibida. Hemos recibido tu solicitud con \u00e9xito. Un agente de nuestro equipo se pondr\u00e1 en contacto contigo lo m\u00e1s pronto posible para asistirte en el proceso de alquiler y contestar cualquier pregunta que tengas. Para agilizar tu reserva, cont\u00e1ctanos ahora mismo por WhatsApp: 6679-0836 &nbsp; Tu Aventura Comienza [&hellip;]","og_url":"https:\/\/cheaprentacarpanama.com\/en\/muchas-gracias\/","og_site_name":"Cheap Rent a Car","article_publisher":"https:\/\/www.facebook.com\/cheaprentacarpty","article_modified_time":"2025-12-13T20:10:30+00:00","og_image":[{"width":1200,"height":675,"url":"https:\/\/cheaprentacarpanama.com\/wp-content\/uploads\/2025\/04\/alquiler-2.jpg","type":"image\/jpeg"}],"twitter_card":"summary_large_image","twitter_misc":{"Estimated reading time":"1 minute"},"schema":{"@context":"https:\/\/schema.org","@graph":[{"@type":"WebPage","@id":"https:\/\/cheaprentacarpanama.com\/muchas-gracias\/","url":"https:\/\/cheaprentacarpanama.com\/muchas-gracias\/","name":"Muchas Gracias","isPartOf":{"@id":"https:\/\/cheaprentacarpanama.com\/#website"},"datePublished":"2024-11-16T17:17:13+00:00","dateModified":"2025-12-13T20:10:30+00:00","breadcrumb":{"@id":"https:\/\/cheaprentacarpanama.com\/muchas-gracias\/#breadcrumb"},"inLanguage":"en-GB","potentialAction":[{"@type":"ReadAction","target":["https:\/\/cheaprentacarpanama.com\/muchas-gracias\/"]}]},{"@type":"BreadcrumbList","@id":"https:\/\/cheaprentacarpanama.com\/muchas-gracias\/#breadcrumb","itemListElement":[{"@type":"ListItem","position":1,"name":"Portada","item":"https:\/\/cheaprentacarpanama.com\/"},{"@type":"ListItem","position":2,"name":"Muchas Gracias"}]},{"@type":"WebSite","@id":"https:\/\/cheaprentacarpanama.com\/#website","url":"https:\/\/cheaprentacarpanama.com\/","name":"Cheap Rent a Car Panama","description":"","publisher":{"@id":"https:\/\/cheaprentacarpanama.com\/#organization"},"potentialAction":[{"@type":"SearchAction","target":{"@type":"EntryPoint","urlTemplate":"https:\/\/cheaprentacarpanama.com\/?s={search_term_string}"},"query-input":{"@type":"PropertyValueSpecification","valueRequired":true,"valueName":"search_term_string"}}],"inLanguage":"en-GB"},{"@type":"Organization","@id":"https:\/\/cheaprentacarpanama.com\/#organization","name":"Cheap Rent a Car","url":"https:\/\/cheaprentacarpanama.com\/","logo":{"@type":"ImageObject","inLanguage":"en-GB","@id":"https:\/\/cheaprentacarpanama.com\/#\/schema\/logo\/image\/","url":"https:\/\/cheaprentacarpanama.com\/wp-content\/uploads\/2025\/04\/logoi23.jpg","contentUrl":"https:\/\/cheaprentacarpanama.com\/wp-content\/uploads\/2025\/04\/logoi23.jpg","width":1920,"height":1080,"caption":"Cheap Rent a Car"},"image":{"@id":"https:\/\/cheaprentacarpanama.com\/#\/schema\/logo\/image\/"},"sameAs":["https:\/\/www.facebook.com\/cheaprentacarpty","https:\/\/www.instagram.com\/cheaprentacarpty"]}]}},"_links":{"self":[{"href":"https:\/\/cheaprentacarpanama.com\/en\/wp-json\/wp\/v2\/pages\/22717","targetHints":{"allow":["GET"]}}],"collection":[{"href":"https:\/\/cheaprentacarpanama.com\/en\/wp-json\/wp\/v2\/pages"}],"about":[{"href":"https:\/\/cheaprentacarpanama.com\/en\/wp-json\/wp\/v2\/types\/page"}],"author":[{"embeddable":true,"href":"https:\/\/cheaprentacarpanama.com\/en\/wp-json\/wp\/v2\/users\/1"}],"replies":[{"embeddable":true,"href":"https:\/\/cheaprentacarpanama.com\/en\/wp-json\/wp\/v2\/comments?post=22717"}],"version-history":[{"count":38,"href":"https:\/\/cheaprentacarpanama.com\/en\/wp-json\/wp\/v2\/pages\/22717\/revisions"}],"predecessor-version":[{"id":24383,"href":"https:\/\/cheaprentacarpanama.com\/en\/wp-json\/wp\/v2\/pages\/22717\/revisions\/24383"}],"wp:attachment":[{"href":"https:\/\/cheaprentacarpanama.com\/en\/wp-json\/wp\/v2\/media?parent=22717"}],"curies":[{"name":"wp","href":"https:\/\/api.w.org\/{rel}","templated":true}]}}