{"id":24358,"date":"2025-10-21T09:28:09","date_gmt":"2025-10-21T14:28:09","guid":{"rendered":"https:\/\/cheaprentacarpanama.com\/?page_id=24358"},"modified":"2025-10-21T09:40:58","modified_gmt":"2025-10-21T14:40:58","slug":"promocion-de-alquiler-de-auto-para-fiestas-patrias","status":"publish","type":"page","link":"https:\/\/cheaprentacarpanama.com\/en\/promocion-de-alquiler-de-auto-para-fiestas-patrias\/","title":{"rendered":"Promoci\u00f3n de Alquiler de Auto para Fiestas Patrias"},"content":{"rendered":"<div data-elementor-type=\"wp-page\" data-elementor-id=\"24358\" class=\"elementor elementor-24358\">\n\t\t\t\t        <section class=\"elementor-section elementor-top-section elementor-element elementor-element-652a2be2 elementor-section-boxed elementor-section-height-default elementor-section-height-default pxl-row-scroll-none pxl-zoom-point-false pxl-section-overflow-visible pxl-section-fix-none pxl-bg-color-none pxl-section-overlay-none\" data-id=\"652a2be2\" data-element_type=\"section\">\n\n                \n                <div class=\"elementor-container elementor-column-gap-default\">\n                <div class=\"elementor-column elementor-col-100 elementor-top-column elementor-element elementor-element-7b42ad0 pxl-column-none pxl-column-overflow-hidden-no\" data-id=\"7b42ad0\" data-element_type=\"column\">\r\n        <div class=\"elementor-widget-wrap elementor-element-populated\">\r\n                     \r\n        \t\t<div class=\"elementor-element elementor-element-7c4ca9c0 elementor-widget elementor-widget-heading\" data-id=\"7c4ca9c0\" data-element_type=\"widget\" data-widget_type=\"heading.default\">\n\t\t\t\t<div class=\"elementor-widget-container\">\n\t\t\t<h1 class=\"elementor-heading-title elementor-size-default\">Promoci\u00f3n de Dias Patrios <\/h1>\t\t<\/div>\n\t\t\t\t<\/div>\n\t\t\t\t<div class=\"elementor-element elementor-element-3f15831f elementor-widget elementor-widget-text-editor\" data-id=\"3f15831f\" data-element_type=\"widget\" data-widget_type=\"text-editor.default\">\n\t\t\t\t<div class=\"elementor-widget-container\">\n\t\t\t\t\t\t\t<p style=\"text-align: justify;\">At <strong>Cheap Rent a Car<\/strong> we\u2019re here to make your journey unforgettable with offers you won\u2019t want to miss:<\/p>\t\t\t\t\t\t<\/div>\n\t\t\t\t<\/div>\n\t\t\t\t<div class=\"elementor-element elementor-element-73b94c5 elementor-widget elementor-widget-text-editor\" data-id=\"73b94c5\" data-element_type=\"widget\" data-widget_type=\"text-editor.default\">\n\t\t\t\t<div class=\"elementor-widget-container\">\n\t\t\t\t\t\t\t<p>Aprovecha las mejores promociones de alquiler de autos en Panam\u00e1 con Cheap Rent a Car. Ofertas especiales en veh\u00edculos econ\u00f3micos y SUV, disponibles en nuestras sucursales de El Cangrejo y La Chorrera. \u00a1Reserva ahora y conduce m\u00e1s por menos!&#8221;<\/p><p style=\"padding-justify: 40px;\">\u00a0<\/p>\t\t\t\t\t\t<\/div>\n\t\t\t\t<\/div>\n\t\t\t\t<div class=\"elementor-element elementor-element-c92bfa7 elementor-widget elementor-widget-text-editor\" data-id=\"c92bfa7\" data-element_type=\"widget\" data-widget_type=\"text-editor.default\">\n\t\t\t\t<div class=\"elementor-widget-container\">\n\t\t\t\t\t\t\t<p style=\"text-align: justify;\">Don\u2019t miss out on these limited-time offers\u2014book now and travel in style, comfort, and at unbeatable prices.<br \/><strong>Subject to availability. Terms and conditions apply.<\/strong><\/p>\t\t\t\t\t\t<\/div>\n\t\t\t\t<\/div>\n\t\t            <\/div>\r\n        <\/div>\r\n        \t\t\t<\/div>\n\t\t<\/section>\n\t\t        <section class=\"elementor-section elementor-top-section elementor-element elementor-element-af56edc elementor-section-boxed elementor-section-height-default elementor-section-height-default pxl-row-scroll-none pxl-zoom-point-false pxl-section-overflow-visible pxl-section-fix-none pxl-bg-color-none pxl-section-overlay-none\" data-id=\"af56edc\" data-element_type=\"section\">\n\n                \n                <div class=\"elementor-container elementor-column-gap-default\">\n                <div class=\"elementor-column elementor-col-100 elementor-top-column elementor-element elementor-element-64c194c pxl-column-none pxl-column-overflow-hidden-no\" data-id=\"64c194c\" data-element_type=\"column\">\r\n        <div class=\"elementor-widget-wrap elementor-element-populated\">\r\n                     \r\n        \t\t<div class=\"elementor-element elementor-element-7efa350 elementor-widget elementor-widget-pxl_divider\" data-id=\"7efa350\" data-element_type=\"widget\" data-widget_type=\"pxl_divider.default\">\n\t\t\t\t<div class=\"elementor-widget-container\">\n\t\t\t<div class=\"pxl-divider  pxl-particle-right none none\"><\/div>\t\t<\/div>\n\t\t\t\t<\/div>\n\t\t            <\/div>\r\n        <\/div>\r\n        \t\t\t<\/div>\n\t\t<\/section>\n\t\t        <section class=\"elementor-section elementor-top-section elementor-element elementor-element-b343977 elementor-section-boxed elementor-section-height-default elementor-section-height-default pxl-row-scroll-none pxl-zoom-point-false pxl-section-overflow-visible pxl-section-fix-none pxl-bg-color-none pxl-section-overlay-none\" data-id=\"b343977\" data-element_type=\"section\">\n\n                \n                <div class=\"elementor-container elementor-column-gap-default\">\n                <div class=\"elementor-column elementor-col-50 elementor-top-column elementor-element elementor-element-6fccc94 pxl-column-none pxl-column-overflow-hidden-no\" data-id=\"6fccc94\" data-element_type=\"column\">\r\n        <div class=\"elementor-widget-wrap elementor-element-populated\">\r\n                     \r\n        \t\t<div class=\"elementor-element elementor-element-fae8d2e elementor-widget elementor-widget-pxl_image\" data-id=\"fae8d2e\" data-element_type=\"widget\" data-widget_type=\"pxl_image.default\">\n\t\t\t\t<div class=\"elementor-widget-container\">\n\t\t\t<div id=\"pxl_image-fae8d2e-3121\"  class=\"pxl-image-single\"  data-wow-delay=\"ms\" \r\n      \r\n          data-parallax-value = \"0\">\r\n    <div class=\"pxl-item--inner\" data-wow-delay=\"120ms\">\r\n                                    <div class=\"pxl-item--image\" >\r\n                                            <img fetchpriority=\"high\" decoding=\"async\" width=\"1080\" height=\"1080\" src=\"https:\/\/cheaprentacarpanama.com\/wp-content\/uploads\/2025\/10\/DIAS-PATRIOS-2025-v2.3.jpg\" class=\"no-lazyload attachment-full\" alt=\"\" \/>                                    <\/div>\r\n                                                                    <\/div>\r\n<\/div>\r\n\t\t<\/div>\n\t\t\t\t<\/div>\n\t\t            <\/div>\r\n        <\/div>\r\n                <div class=\"elementor-column elementor-col-50 elementor-top-column elementor-element elementor-element-5e32d78 pxl-column-none pxl-column-overflow-hidden-no\" data-id=\"5e32d78\" data-element_type=\"column\">\r\n        <div class=\"elementor-widget-wrap elementor-element-populated\">\r\n                     \r\n        \t\t<div class=\"elementor-element elementor-element-aea9e90 elementor-widget elementor-widget-text-editor\" data-id=\"aea9e90\" data-element_type=\"widget\" data-widget_type=\"text-editor.default\">\n\t\t\t\t<div class=\"elementor-widget-container\">\n\t\t\t\t\t\t\t<h1>\u00a1Celebra los D\u00edas Patrios sobre ruedas! \ud83c\uddf5\ud83c\udde6\u2728<\/h1><p>Este noviembre, disfruta de tu libertad al m\u00e1ximo y recorre Panam\u00e1 con nuestras ofertas especiales:<\/p><h2><strong>\ud83d\ude98 Kia Rio o Kia Soluto<\/strong><br \/>\ud83d\udc49 5 d\u00edas por solo $264.75<br \/>\ud83d\udcb0 Dep\u00f3sito: $150.00<br \/>\ud83d\udd12 Seguro b\u00e1sico incluido<\/h2><p>\u00a0<\/p><h2>\ud83d\ude97 Kia Picanto<br \/>\ud83d\udc49 5 d\u00edas por solo $199.75<br \/>\ud83d\udcb0 Dep\u00f3sito: $100.00<br \/>\ud83d\udd12 Seguro b\u00e1sico incluido<\/h2><p>\ud83c\udf88 \u00a1No te quedes sin tu carro para las fiestas patrias! Reserva hoy y vive la emoci\u00f3n de manejar sin preocupaciones.<\/p><p><strong>\ud83d\udcde Cont\u00e1ctanos para reservar<\/strong><br \/><strong>\ud83d\udccd El Cangrejo 6587-7653<\/strong><br \/><strong>\ud83d\udccd La Chorrera 6679-0836<\/strong><\/p><p>#DiasPatrios #Panam\u00e1 #AlquilerDeAutos #RentaDeAutos #FiestasPatrias<\/p><p><strong>\u00a0<\/strong><\/p>\t\t\t\t\t\t<\/div>\n\t\t\t\t<\/div>\n\t\t            <\/div>\r\n        <\/div>\r\n        \t\t\t<\/div>\n\t\t<\/section>\n\t\t        <section class=\"elementor-section elementor-top-section elementor-element elementor-element-9614448 elementor-section-boxed elementor-section-height-default elementor-section-height-default pxl-row-scroll-none pxl-zoom-point-false pxl-section-overflow-visible pxl-section-fix-none pxl-bg-color-none pxl-section-overlay-none\" data-id=\"9614448\" data-element_type=\"section\">\n\n                \n                <div class=\"elementor-container elementor-column-gap-default\">\n                <div class=\"elementor-column elementor-col-100 elementor-top-column elementor-element elementor-element-51d0e7b pxl-column-none pxl-column-overflow-hidden-no\" data-id=\"51d0e7b\" data-element_type=\"column\">\r\n        <div class=\"elementor-widget-wrap elementor-element-populated\">\r\n                     \r\n        \t\t<div class=\"elementor-element elementor-element-27a5f43 elementor-widget elementor-widget-pxl_divider\" data-id=\"27a5f43\" data-element_type=\"widget\" data-widget_type=\"pxl_divider.default\">\n\t\t\t\t<div class=\"elementor-widget-container\">\n\t\t\t<div class=\"pxl-divider  pxl-particle-right none none\"><\/div>\t\t<\/div>\n\t\t\t\t<\/div>\n\t\t            <\/div>\r\n        <\/div>\r\n        \t\t\t<\/div>\n\t\t<\/section>\n\t\t        <section class=\"elementor-section elementor-top-section elementor-element elementor-element-0a48b8d elementor-section-boxed elementor-section-height-default elementor-section-height-default pxl-row-scroll-none pxl-zoom-point-false pxl-section-overflow-visible pxl-section-fix-none pxl-bg-color-none pxl-section-overlay-none\" data-id=\"0a48b8d\" data-element_type=\"section\">\n\n                \n                <div class=\"elementor-container elementor-column-gap-default\">\n                <div class=\"elementor-column elementor-col-100 elementor-top-column elementor-element elementor-element-d35e103 pxl-column-none pxl-column-overflow-hidden-no\" data-id=\"d35e103\" data-element_type=\"column\">\r\n        <div class=\"elementor-widget-wrap elementor-element-populated\">\r\n                     \r\n                    <\/div>\r\n        <\/div>\r\n        \t\t\t<\/div>\n\t\t<\/section>\n\t\t\t\t<\/div>","protected":false},"excerpt":{"rendered":"<p>Promoci\u00f3n de Dias Patrios En Cheap Rent a Car te ayudamos a disfrutar al m\u00e1ximo tu viaje con ofertas que no puedes dejar pasar: Aprovecha las mejores promociones de alquiler de autos en Panam\u00e1 con Cheap Rent a Car. Ofertas especiales en veh\u00edculos econ\u00f3micos y SUV, disponibles en nuestras sucursales de El Cangrejo y La [&hellip;]<\/p>","protected":false},"author":2,"featured_media":0,"parent":0,"menu_order":2,"comment_status":"closed","ping_status":"closed","template":"","meta":{"inline_featured_image":false,"footnotes":""},"class_list":["post-24358","page","type-page","status-publish","hentry"],"yoast_head":"<!-- This site is optimized with the Yoast SEO Premium plugin v23.8 (Yoast SEO v23.8) - https:\/\/yoast.com\/wordpress\/plugins\/seo\/ -->\n<title>Alquiler Auto Kia Picanto a solo $119.80 por 4 d\u00edas - Cheap Rent a Car<\/title>\n<meta name=\"description\" content=\"Alquiler Auto Kia Picanto a solo $119.80 por 4 d\u00edas con cobertura b\u00e1sica. Dep\u00f3sito de solo $100.00. Disponible de Lunes a Jueves\" \/>\n<meta name=\"robots\" content=\"index, follow, max-snippet:-1, max-image-preview:large, max-video-preview:-1\" \/>\n<link rel=\"canonical\" href=\"https:\/\/cheaprentacarpanama.com\/en\/promocion-de-alquiler-de-auto-para-fiestas-patrias\/\" \/>\n<meta property=\"og:locale\" content=\"en_GB\" \/>\n<meta property=\"og:type\" content=\"article\" \/>\n<meta property=\"og:title\" content=\"Promoci\u00f3n de Alquiler de Auto para Fiestas Patrias\" \/>\n<meta property=\"og:description\" content=\"Alquiler Auto Kia Picanto a solo $119.80 por 4 d\u00edas con cobertura b\u00e1sica. Dep\u00f3sito de solo $100.00. Disponible de Lunes a Jueves\" \/>\n<meta property=\"og:url\" content=\"https:\/\/cheaprentacarpanama.com\/en\/promocion-de-alquiler-de-auto-para-fiestas-patrias\/\" \/>\n<meta property=\"og:site_name\" content=\"Cheap Rent a Car\" \/>\n<meta property=\"article:publisher\" content=\"https:\/\/www.facebook.com\/cheaprentacarpty\" \/>\n<meta property=\"article:modified_time\" content=\"2025-10-21T14:40:58+00:00\" \/>\n<meta property=\"og:image\" content=\"https:\/\/cheaprentacarpanama.com\/wp-content\/uploads\/2025\/04\/KIA-4-DIAS-LUNES-A-JUEVES.jpg\" \/>\n\t<meta property=\"og:image:width\" content=\"1080\" \/>\n\t<meta property=\"og:image:height\" content=\"1080\" \/>\n\t<meta property=\"og:image:type\" content=\"image\/jpeg\" \/>\n<meta name=\"twitter:card\" content=\"summary_large_image\" \/>\n<meta name=\"twitter:label1\" content=\"Estimated reading time\" \/>\n\t<meta name=\"twitter:data1\" content=\"2 minutes\" \/>\n<script type=\"application\/ld+json\" class=\"yoast-schema-graph\">{\"@context\":\"https:\/\/schema.org\",\"@graph\":[{\"@type\":\"WebPage\",\"@id\":\"https:\/\/cheaprentacarpanama.com\/promocion-de-alquiler-de-auto-para-fiestas-patrias\/\",\"url\":\"https:\/\/cheaprentacarpanama.com\/promocion-de-alquiler-de-auto-para-fiestas-patrias\/\",\"name\":\"Alquiler Auto Kia Picanto a solo $119.80 por 4 d\u00edas - Cheap Rent a Car\",\"isPartOf\":{\"@id\":\"https:\/\/cheaprentacarpanama.com\/#website\"},\"primaryImageOfPage\":{\"@id\":\"https:\/\/cheaprentacarpanama.com\/promocion-de-alquiler-de-auto-para-fiestas-patrias\/#primaryimage\"},\"image\":{\"@id\":\"https:\/\/cheaprentacarpanama.com\/promocion-de-alquiler-de-auto-para-fiestas-patrias\/#primaryimage\"},\"thumbnailUrl\":\"https:\/\/cheaprentacarpanama.com\/wp-content\/uploads\/2025\/10\/DIAS-PATRIOS-2025-v2.3.jpg\",\"datePublished\":\"2025-10-21T14:28:09+00:00\",\"dateModified\":\"2025-10-21T14:40:58+00:00\",\"description\":\"Alquiler Auto Kia Picanto a solo $119.80 por 4 d\u00edas con cobertura b\u00e1sica. Dep\u00f3sito de solo $100.00. Disponible de Lunes a Jueves\",\"breadcrumb\":{\"@id\":\"https:\/\/cheaprentacarpanama.com\/promocion-de-alquiler-de-auto-para-fiestas-patrias\/#breadcrumb\"},\"inLanguage\":\"en-GB\",\"potentialAction\":[{\"@type\":\"ReadAction\",\"target\":[\"https:\/\/cheaprentacarpanama.com\/promocion-de-alquiler-de-auto-para-fiestas-patrias\/\"]}]},{\"@type\":\"ImageObject\",\"inLanguage\":\"en-GB\",\"@id\":\"https:\/\/cheaprentacarpanama.com\/promocion-de-alquiler-de-auto-para-fiestas-patrias\/#primaryimage\",\"url\":\"https:\/\/cheaprentacarpanama.com\/wp-content\/uploads\/2025\/10\/DIAS-PATRIOS-2025-v2.3.jpg\",\"contentUrl\":\"https:\/\/cheaprentacarpanama.com\/wp-content\/uploads\/2025\/10\/DIAS-PATRIOS-2025-v2.3.jpg\"},{\"@type\":\"BreadcrumbList\",\"@id\":\"https:\/\/cheaprentacarpanama.com\/promocion-de-alquiler-de-auto-para-fiestas-patrias\/#breadcrumb\",\"itemListElement\":[{\"@type\":\"ListItem\",\"position\":1,\"name\":\"Portada\",\"item\":\"https:\/\/cheaprentacarpanama.com\/\"},{\"@type\":\"ListItem\",\"position\":2,\"name\":\"Promoci\u00f3n de Alquiler de Auto para Fiestas Patrias\"}]},{\"@type\":\"WebSite\",\"@id\":\"https:\/\/cheaprentacarpanama.com\/#website\",\"url\":\"https:\/\/cheaprentacarpanama.com\/\",\"name\":\"Cheap Rent a Car Panama\",\"description\":\"\",\"publisher\":{\"@id\":\"https:\/\/cheaprentacarpanama.com\/#organization\"},\"potentialAction\":[{\"@type\":\"SearchAction\",\"target\":{\"@type\":\"EntryPoint\",\"urlTemplate\":\"https:\/\/cheaprentacarpanama.com\/?s={search_term_string}\"},\"query-input\":{\"@type\":\"PropertyValueSpecification\",\"valueRequired\":true,\"valueName\":\"search_term_string\"}}],\"inLanguage\":\"en-GB\"},{\"@type\":\"Organization\",\"@id\":\"https:\/\/cheaprentacarpanama.com\/#organization\",\"name\":\"Cheap Rent a Car\",\"url\":\"https:\/\/cheaprentacarpanama.com\/\",\"logo\":{\"@type\":\"ImageObject\",\"inLanguage\":\"en-GB\",\"@id\":\"https:\/\/cheaprentacarpanama.com\/#\/schema\/logo\/image\/\",\"url\":\"https:\/\/cheaprentacarpanama.com\/wp-content\/uploads\/2025\/04\/logoi23.jpg\",\"contentUrl\":\"https:\/\/cheaprentacarpanama.com\/wp-content\/uploads\/2025\/04\/logoi23.jpg\",\"width\":1920,\"height\":1080,\"caption\":\"Cheap Rent a Car\"},\"image\":{\"@id\":\"https:\/\/cheaprentacarpanama.com\/#\/schema\/logo\/image\/\"},\"sameAs\":[\"https:\/\/www.facebook.com\/cheaprentacarpty\",\"https:\/\/www.instagram.com\/cheaprentacarpty\"]}]}<\/script>\n<!-- \/ Yoast SEO Premium plugin. -->","yoast_head_json":{"title":"Alquiler Auto Kia Picanto a solo $119.80 por 4 d\u00edas - Cheap Rent a Car","description":"Alquiler Auto Kia Picanto a solo $119.80 por 4 d\u00edas con cobertura b\u00e1sica. Dep\u00f3sito de solo $100.00. Disponible de Lunes a Jueves","robots":{"index":"index","follow":"follow","max-snippet":"max-snippet:-1","max-image-preview":"max-image-preview:large","max-video-preview":"max-video-preview:-1"},"canonical":"https:\/\/cheaprentacarpanama.com\/en\/promocion-de-alquiler-de-auto-para-fiestas-patrias\/","og_locale":"en_GB","og_type":"article","og_title":"Promoci\u00f3n de Alquiler de Auto para Fiestas Patrias","og_description":"Alquiler Auto Kia Picanto a solo $119.80 por 4 d\u00edas con cobertura b\u00e1sica. Dep\u00f3sito de solo $100.00. Disponible de Lunes a Jueves","og_url":"https:\/\/cheaprentacarpanama.com\/en\/promocion-de-alquiler-de-auto-para-fiestas-patrias\/","og_site_name":"Cheap Rent a Car","article_publisher":"https:\/\/www.facebook.com\/cheaprentacarpty","article_modified_time":"2025-10-21T14:40:58+00:00","og_image":[{"width":1080,"height":1080,"url":"https:\/\/cheaprentacarpanama.com\/wp-content\/uploads\/2025\/04\/KIA-4-DIAS-LUNES-A-JUEVES.jpg","type":"image\/jpeg"}],"twitter_card":"summary_large_image","twitter_misc":{"Estimated reading time":"2 minutes"},"schema":{"@context":"https:\/\/schema.org","@graph":[{"@type":"WebPage","@id":"https:\/\/cheaprentacarpanama.com\/promocion-de-alquiler-de-auto-para-fiestas-patrias\/","url":"https:\/\/cheaprentacarpanama.com\/promocion-de-alquiler-de-auto-para-fiestas-patrias\/","name":"Alquiler Auto Kia Picanto a solo $119.80 por 4 d\u00edas - Cheap Rent a Car","isPartOf":{"@id":"https:\/\/cheaprentacarpanama.com\/#website"},"primaryImageOfPage":{"@id":"https:\/\/cheaprentacarpanama.com\/promocion-de-alquiler-de-auto-para-fiestas-patrias\/#primaryimage"},"image":{"@id":"https:\/\/cheaprentacarpanama.com\/promocion-de-alquiler-de-auto-para-fiestas-patrias\/#primaryimage"},"thumbnailUrl":"https:\/\/cheaprentacarpanama.com\/wp-content\/uploads\/2025\/10\/DIAS-PATRIOS-2025-v2.3.jpg","datePublished":"2025-10-21T14:28:09+00:00","dateModified":"2025-10-21T14:40:58+00:00","description":"Alquiler Auto Kia Picanto a solo $119.80 por 4 d\u00edas con cobertura b\u00e1sica. Dep\u00f3sito de solo $100.00. Disponible de Lunes a Jueves","breadcrumb":{"@id":"https:\/\/cheaprentacarpanama.com\/promocion-de-alquiler-de-auto-para-fiestas-patrias\/#breadcrumb"},"inLanguage":"en-GB","potentialAction":[{"@type":"ReadAction","target":["https:\/\/cheaprentacarpanama.com\/promocion-de-alquiler-de-auto-para-fiestas-patrias\/"]}]},{"@type":"ImageObject","inLanguage":"en-GB","@id":"https:\/\/cheaprentacarpanama.com\/promocion-de-alquiler-de-auto-para-fiestas-patrias\/#primaryimage","url":"https:\/\/cheaprentacarpanama.com\/wp-content\/uploads\/2025\/10\/DIAS-PATRIOS-2025-v2.3.jpg","contentUrl":"https:\/\/cheaprentacarpanama.com\/wp-content\/uploads\/2025\/10\/DIAS-PATRIOS-2025-v2.3.jpg"},{"@type":"BreadcrumbList","@id":"https:\/\/cheaprentacarpanama.com\/promocion-de-alquiler-de-auto-para-fiestas-patrias\/#breadcrumb","itemListElement":[{"@type":"ListItem","position":1,"name":"Portada","item":"https:\/\/cheaprentacarpanama.com\/"},{"@type":"ListItem","position":2,"name":"Promoci\u00f3n de Alquiler de Auto para Fiestas Patrias"}]},{"@type":"WebSite","@id":"https:\/\/cheaprentacarpanama.com\/#website","url":"https:\/\/cheaprentacarpanama.com\/","name":"Cheap Rent a Car Panama","description":"","publisher":{"@id":"https:\/\/cheaprentacarpanama.com\/#organization"},"potentialAction":[{"@type":"SearchAction","target":{"@type":"EntryPoint","urlTemplate":"https:\/\/cheaprentacarpanama.com\/?s={search_term_string}"},"query-input":{"@type":"PropertyValueSpecification","valueRequired":true,"valueName":"search_term_string"}}],"inLanguage":"en-GB"},{"@type":"Organization","@id":"https:\/\/cheaprentacarpanama.com\/#organization","name":"Cheap Rent a Car","url":"https:\/\/cheaprentacarpanama.com\/","logo":{"@type":"ImageObject","inLanguage":"en-GB","@id":"https:\/\/cheaprentacarpanama.com\/#\/schema\/logo\/image\/","url":"https:\/\/cheaprentacarpanama.com\/wp-content\/uploads\/2025\/04\/logoi23.jpg","contentUrl":"https:\/\/cheaprentacarpanama.com\/wp-content\/uploads\/2025\/04\/logoi23.jpg","width":1920,"height":1080,"caption":"Cheap Rent a Car"},"image":{"@id":"https:\/\/cheaprentacarpanama.com\/#\/schema\/logo\/image\/"},"sameAs":["https:\/\/www.facebook.com\/cheaprentacarpty","https:\/\/www.instagram.com\/cheaprentacarpty"]}]}},"_links":{"self":[{"href":"https:\/\/cheaprentacarpanama.com\/en\/wp-json\/wp\/v2\/pages\/24358","targetHints":{"allow":["GET"]}}],"collection":[{"href":"https:\/\/cheaprentacarpanama.com\/en\/wp-json\/wp\/v2\/pages"}],"about":[{"href":"https:\/\/cheaprentacarpanama.com\/en\/wp-json\/wp\/v2\/types\/page"}],"author":[{"embeddable":true,"href":"https:\/\/cheaprentacarpanama.com\/en\/wp-json\/wp\/v2\/users\/2"}],"replies":[{"embeddable":true,"href":"https:\/\/cheaprentacarpanama.com\/en\/wp-json\/wp\/v2\/comments?post=24358"}],"version-history":[{"count":9,"href":"https:\/\/cheaprentacarpanama.com\/en\/wp-json\/wp\/v2\/pages\/24358\/revisions"}],"predecessor-version":[{"id":24368,"href":"https:\/\/cheaprentacarpanama.com\/en\/wp-json\/wp\/v2\/pages\/24358\/revisions\/24368"}],"wp:attachment":[{"href":"https:\/\/cheaprentacarpanama.com\/en\/wp-json\/wp\/v2\/media?parent=24358"}],"curies":[{"name":"wp","href":"https:\/\/api.w.org\/{rel}","templated":true}]}}