{"id":24438,"date":"2026-03-22T21:23:33","date_gmt":"2026-03-23T02:23:33","guid":{"rendered":"https:\/\/cheaprentacarpanama.com\/?page_id=24438"},"modified":"2026-03-22T21:52:48","modified_gmt":"2026-03-23T02:52:48","slug":"alquiler-de-autos-para-turistas","status":"publish","type":"page","link":"https:\/\/cheaprentacarpanama.com\/en\/alquiler-de-autos-para-turistas\/","title":{"rendered":"Alquiler de Autos para Turistas"},"content":{"rendered":"<div data-elementor-type=\"wp-page\" data-elementor-id=\"24438\" class=\"elementor elementor-24438\">\n\t\t\t\t        <section class=\"elementor-section elementor-top-section elementor-element elementor-element-ce7d82b elementor-section-boxed elementor-section-height-default elementor-section-height-default pxl-row-scroll-none pxl-zoom-point-false pxl-section-overflow-visible pxl-section-fix-none pxl-bg-color-none pxl-section-overlay-none\" data-id=\"ce7d82b\" data-element_type=\"section\">\n\n                \n                <div class=\"elementor-container elementor-column-gap-default\">\n                <div class=\"elementor-column elementor-col-50 elementor-top-column elementor-element elementor-element-39e01eb pxl-column-none pxl-column-overflow-hidden-no\" data-id=\"39e01eb\" data-element_type=\"column\">\r\n        <div class=\"elementor-widget-wrap elementor-element-populated\">\r\n                     \r\n        \t\t<div class=\"elementor-element elementor-element-3d98602 elementor-widget elementor-widget-pxl_image\" data-id=\"3d98602\" data-element_type=\"widget\" data-widget_type=\"pxl_image.default\">\n\t\t\t\t<div class=\"elementor-widget-container\">\n\t\t\t<div id=\"pxl_image-3d98602-6185\"  class=\"pxl-image-single\"  data-wow-delay=\"ms\" \r\n      \r\n          data-parallax-value = \"0\">\r\n    <div class=\"pxl-item--inner\" data-wow-delay=\"120ms\">\r\n                                    <div class=\"pxl-item--image\" >\r\n                                            <img fetchpriority=\"high\" decoding=\"async\" width=\"1024\" height=\"1536\" src=\"https:\/\/cheaprentacarpanama.com\/wp-content\/uploads\/2026\/03\/paquete-turista.jpeg\" class=\"no-lazyload attachment-full\" alt=\"alquiler de autos para turistas en panama\" \/>                                    <\/div>\r\n                                                                    <\/div>\r\n<\/div>\r\n\t\t<\/div>\n\t\t\t\t<\/div>\n\t\t            <\/div>\r\n        <\/div>\r\n                <div class=\"elementor-column elementor-col-50 elementor-top-column elementor-element elementor-element-4d74d79 pxl-column-none pxl-column-overflow-hidden-no\" data-id=\"4d74d79\" data-element_type=\"column\">\r\n        <div class=\"elementor-widget-wrap elementor-element-populated\">\r\n                     \r\n        \t\t<div class=\"elementor-element elementor-element-1a1c05a elementor-widget elementor-widget-text-editor\" data-id=\"1a1c05a\" data-element_type=\"widget\" data-widget_type=\"text-editor.default\">\n\t\t\t\t<div class=\"elementor-widget-container\">\n\t\t\t\t\t\t\t<h1 data-section-id=\"lysg54\" data-start=\"895\" data-end=\"917\"><span role=\"text\"><strong data-start=\"898\" data-end=\"917\">Alquiler de Autos Paquete Turista<\/strong><\/span><\/h1><p data-start=\"919\" data-end=\"1027\">La opci\u00f3n ideal para visitantes que buscan comodidad, conectividad y atenci\u00f3n preferencial desde su llegada.<\/p><p data-start=\"1029\" data-end=\"1342\">\u2714 SIM Card GRATIS de Tigo para conexi\u00f3n inmediata<br data-start=\"1078\" data-end=\"1081\" \/>\u2714 Servicio de pick-up y drop-off en el aeropuerto sin costo<br data-start=\"1140\" data-end=\"1143\" \/>\u2714 Cobertura S\u00faper Full: protecci\u00f3n completa ante imprevistos en carretera<br data-start=\"1216\" data-end=\"1219\" \/>\u2714 Kilometraje diario ilimitado para descubrir cada rinc\u00f3n del pa\u00eds<br data-start=\"1285\" data-end=\"1288\" \/>\u2714 Soporte VIP 24\/7 v\u00eda WhatsApp con atenci\u00f3n directa<\/p><p data-start=\"1344\" data-end=\"1480\"><strong data-start=\"1344\" data-end=\"1416\">Viaja sin preocupaciones y disfruta m\u00e1s de tu experiencia en Panam\u00e1.<\/strong><br data-start=\"1416\" data-end=\"1419\" \/>Nos encargamos de todo para que solo te dediques a disfrutar.<\/p><p data-start=\"1482\" data-end=\"1518\"><strong><em data-start=\"1482\" data-end=\"1518\">Aplican m\u00ednimo 4 d\u00edas de alquiler.<\/em><\/strong><\/p><p data-start=\"1482\" data-end=\"1518\"><span style=\"color: #111827;\"><b><i>CONTACTAR AL WHATSAPP: (+507)\u00a0Tel\u00e9fonos: 6693-7508<\/i><\/b><\/span><\/p>\t\t\t\t\t\t<\/div>\n\t\t\t\t<\/div>\n\t\t            <\/div>\r\n        <\/div>\r\n        \t\t\t<\/div>\n\t\t<\/section>\n\t\t        <section class=\"elementor-section elementor-top-section elementor-element elementor-element-83406eb elementor-section-boxed elementor-section-height-default elementor-section-height-default pxl-row-scroll-none pxl-zoom-point-false pxl-section-overflow-visible pxl-section-fix-none pxl-bg-color-none pxl-section-overlay-none\" data-id=\"83406eb\" data-element_type=\"section\">\n\n                \n                <div class=\"elementor-container elementor-column-gap-default\">\n                <div class=\"elementor-column elementor-col-100 elementor-top-column elementor-element elementor-element-2a794a3 pxl-column-none pxl-column-overflow-hidden-no\" data-id=\"2a794a3\" data-element_type=\"column\">\r\n        <div class=\"elementor-widget-wrap elementor-element-populated\">\r\n                     \r\n        \t\t<div class=\"elementor-element elementor-element-e9c7716 elementor-widget elementor-widget-spacer\" data-id=\"e9c7716\" data-element_type=\"widget\" data-widget_type=\"spacer.default\">\n\t\t\t\t<div class=\"elementor-widget-container\">\n\t\t\t\t\t<div class=\"elementor-spacer\">\n\t\t\t<div class=\"elementor-spacer-inner\"><\/div>\n\t\t<\/div>\n\t\t\t\t<\/div>\n\t\t\t\t<\/div>\n\t\t            <\/div>\r\n        <\/div>\r\n        \t\t\t<\/div>\n\t\t<\/section>\n\t\t        <section class=\"elementor-section elementor-top-section elementor-element elementor-element-a6ac353 elementor-section-boxed elementor-section-height-default elementor-section-height-default pxl-row-scroll-none pxl-zoom-point-false pxl-section-overflow-visible pxl-section-fix-none pxl-bg-color-none pxl-section-overlay-none\" data-id=\"a6ac353\" data-element_type=\"section\">\n\n                \n                <div class=\"elementor-container elementor-column-gap-default\">\n                <div class=\"elementor-column elementor-col-50 elementor-top-column elementor-element elementor-element-05ada25 pxl-column-none pxl-column-overflow-hidden-no\" data-id=\"05ada25\" data-element_type=\"column\">\r\n        <div class=\"elementor-widget-wrap elementor-element-populated\">\r\n                     \r\n        \t\t<div class=\"elementor-element elementor-element-3120d33 elementor-widget elementor-widget-image\" data-id=\"3120d33\" data-element_type=\"widget\" data-widget_type=\"image.default\">\n\t\t\t\t<div class=\"elementor-widget-container\">\n\t\t\t\t\t\t\t\t\t\t\t\t\t<img decoding=\"async\" width=\"683\" height=\"1024\" src=\"https:\/\/cheaprentacarpanama.com\/wp-content\/uploads\/2026\/03\/paquete-tranquilidad-683x1024.jpeg\" class=\"attachment-large size-large wp-image-24456\" alt=\"\" srcset=\"https:\/\/cheaprentacarpanama.com\/wp-content\/uploads\/2026\/03\/paquete-tranquilidad-683x1024.jpeg 683w, https:\/\/cheaprentacarpanama.com\/wp-content\/uploads\/2026\/03\/paquete-tranquilidad-200x300.jpeg 200w, https:\/\/cheaprentacarpanama.com\/wp-content\/uploads\/2026\/03\/paquete-tranquilidad-768x1152.jpeg 768w, https:\/\/cheaprentacarpanama.com\/wp-content\/uploads\/2026\/03\/paquete-tranquilidad-8x12.jpeg 8w, https:\/\/cheaprentacarpanama.com\/wp-content\/uploads\/2026\/03\/paquete-tranquilidad-473x710.jpeg 473w, https:\/\/cheaprentacarpanama.com\/wp-content\/uploads\/2026\/03\/paquete-tranquilidad-600x900.jpeg 600w, https:\/\/cheaprentacarpanama.com\/wp-content\/uploads\/2026\/03\/paquete-tranquilidad.jpeg 1024w\" sizes=\"(max-width: 683px) 100vw, 683px\" \/>\t\t\t\t\t\t\t\t\t\t\t\t\t<\/div>\n\t\t\t\t<\/div>\n\t\t            <\/div>\r\n        <\/div>\r\n                <div class=\"elementor-column elementor-col-50 elementor-top-column elementor-element elementor-element-f2f0872 pxl-column-none pxl-column-overflow-hidden-no\" data-id=\"f2f0872\" data-element_type=\"column\">\r\n        <div class=\"elementor-widget-wrap elementor-element-populated\">\r\n                     \r\n        \t\t<div class=\"elementor-element elementor-element-9d6703d elementor-widget elementor-widget-text-editor\" data-id=\"9d6703d\" data-element_type=\"widget\" data-widget_type=\"text-editor.default\">\n\t\t\t\t<div class=\"elementor-widget-container\">\n\t\t\t\t\t\t\t<h1>Paquete Tranquilidad<\/h1><p>Viaja por Panam\u00e1 con total confianza y sin preocupaciones. Nuestro paquete est\u00e1 dise\u00f1ado para que disfrutes cada trayecto con respaldo completo.<\/p><p>\u2714 Entrega flexible dentro del horario de oficina (hasta 6 horas)<br \/>\u2714 Drop-off en el aeropuerto sin costo adicional ni restricciones de horario<br \/>\u2714 Cobertura S\u00faper Full: protecci\u00f3n ante robo, colisi\u00f3n, da\u00f1os a terceros, vuelco, llantas y parabrisas, gastos m\u00e9dicos y asistencia en carretera<br \/>\u2714 Kilometraje ilimitado para que explores sin l\u00edmites<br \/>\u2714 Activaci\u00f3n de Panapass GRATIS (valor $5.00)<br \/>\u2714 Veh\u00edculo de reemplazo en caso de inconvenientes<\/p><p>Viaja sin preocuparte por tiempos ni<\/p><p><strong>Alquiler m\u00ednimo 4 d\u00edas\u00a0<\/strong><\/p><p><span style=\"color: #111827;\"><b><i>CONTACTAR AL WHATSAPP: (+507)\u00a0Tel\u00e9fonos: 6693-7508<\/i><\/b><\/span><\/p>\t\t\t\t\t\t<\/div>\n\t\t\t\t<\/div>\n\t\t            <\/div>\r\n        <\/div>\r\n        \t\t\t<\/div>\n\t\t<\/section>\n\t\t\t\t<\/div>","protected":false},"excerpt":{"rendered":"<p>Alquiler de Autos Paquete Turista La opci\u00f3n ideal para visitantes que buscan comodidad, conectividad y atenci\u00f3n preferencial desde su llegada. \u2714 SIM Card GRATIS de Tigo para conexi\u00f3n inmediata\u2714 Servicio de pick-up y drop-off en el aeropuerto sin costo\u2714 Cobertura S\u00faper Full: protecci\u00f3n completa ante imprevistos en carretera\u2714 Kilometraje diario ilimitado para descubrir cada rinc\u00f3n [&hellip;]<\/p>","protected":false},"author":2,"featured_media":0,"parent":0,"menu_order":0,"comment_status":"closed","ping_status":"closed","template":"","meta":{"inline_featured_image":false,"footnotes":""},"class_list":["post-24438","page","type-page","status-publish","hentry"],"yoast_head":"<!-- This site is optimized with the Yoast SEO Premium plugin v23.8 (Yoast SEO v23.8) - https:\/\/yoast.com\/wordpress\/plugins\/seo\/ -->\n<title>Alquiler de Autos para Turistas - Cheap Rent a Car<\/title>\n<meta name=\"robots\" content=\"index, follow, max-snippet:-1, max-image-preview:large, max-video-preview:-1\" \/>\n<link rel=\"canonical\" href=\"https:\/\/cheaprentacarpanama.com\/en\/alquiler-de-autos-para-turistas\/\" \/>\n<meta property=\"og:locale\" content=\"en_GB\" \/>\n<meta property=\"og:type\" content=\"article\" \/>\n<meta property=\"og:title\" content=\"Alquiler de Autos para Turistas\" \/>\n<meta property=\"og:description\" content=\"Alquiler de Autos Paquete Turista La opci\u00f3n ideal para visitantes que buscan comodidad, conectividad y atenci\u00f3n preferencial desde su llegada. \u2714 SIM Card GRATIS de Tigo para conexi\u00f3n inmediata\u2714 Servicio de pick-up y drop-off en el aeropuerto sin costo\u2714 Cobertura S\u00faper Full: protecci\u00f3n completa ante imprevistos en carretera\u2714 Kilometraje diario ilimitado para descubrir cada rinc\u00f3n [&hellip;]\" \/>\n<meta property=\"og:url\" content=\"https:\/\/cheaprentacarpanama.com\/en\/alquiler-de-autos-para-turistas\/\" \/>\n<meta property=\"og:site_name\" content=\"Cheap Rent a Car\" \/>\n<meta property=\"article:publisher\" content=\"https:\/\/www.facebook.com\/cheaprentacarpty\" \/>\n<meta property=\"article:modified_time\" content=\"2026-03-23T02:52:48+00:00\" \/>\n<meta property=\"og:image\" content=\"https:\/\/cheaprentacarpanama.com\/wp-content\/uploads\/2026\/03\/paquete-turista.jpeg\" \/>\n<meta name=\"twitter:card\" content=\"summary_large_image\" \/>\n<meta name=\"twitter:label1\" content=\"Estimated reading time\" \/>\n\t<meta name=\"twitter:data1\" content=\"2 minutes\" \/>\n<script type=\"application\/ld+json\" class=\"yoast-schema-graph\">{\"@context\":\"https:\/\/schema.org\",\"@graph\":[{\"@type\":\"WebPage\",\"@id\":\"https:\/\/cheaprentacarpanama.com\/alquiler-de-autos-para-turistas\/\",\"url\":\"https:\/\/cheaprentacarpanama.com\/alquiler-de-autos-para-turistas\/\",\"name\":\"Alquiler de Autos para Turistas - Cheap Rent a Car\",\"isPartOf\":{\"@id\":\"https:\/\/cheaprentacarpanama.com\/#website\"},\"primaryImageOfPage\":{\"@id\":\"https:\/\/cheaprentacarpanama.com\/alquiler-de-autos-para-turistas\/#primaryimage\"},\"image\":{\"@id\":\"https:\/\/cheaprentacarpanama.com\/alquiler-de-autos-para-turistas\/#primaryimage\"},\"thumbnailUrl\":\"https:\/\/cheaprentacarpanama.com\/wp-content\/uploads\/2026\/03\/paquete-turista.jpeg\",\"datePublished\":\"2026-03-23T02:23:33+00:00\",\"dateModified\":\"2026-03-23T02:52:48+00:00\",\"breadcrumb\":{\"@id\":\"https:\/\/cheaprentacarpanama.com\/alquiler-de-autos-para-turistas\/#breadcrumb\"},\"inLanguage\":\"en-GB\",\"potentialAction\":[{\"@type\":\"ReadAction\",\"target\":[\"https:\/\/cheaprentacarpanama.com\/alquiler-de-autos-para-turistas\/\"]}]},{\"@type\":\"ImageObject\",\"inLanguage\":\"en-GB\",\"@id\":\"https:\/\/cheaprentacarpanama.com\/alquiler-de-autos-para-turistas\/#primaryimage\",\"url\":\"https:\/\/cheaprentacarpanama.com\/wp-content\/uploads\/2026\/03\/paquete-turista.jpeg\",\"contentUrl\":\"https:\/\/cheaprentacarpanama.com\/wp-content\/uploads\/2026\/03\/paquete-turista.jpeg\"},{\"@type\":\"BreadcrumbList\",\"@id\":\"https:\/\/cheaprentacarpanama.com\/alquiler-de-autos-para-turistas\/#breadcrumb\",\"itemListElement\":[{\"@type\":\"ListItem\",\"position\":1,\"name\":\"Portada\",\"item\":\"https:\/\/cheaprentacarpanama.com\/\"},{\"@type\":\"ListItem\",\"position\":2,\"name\":\"Alquiler de Autos para Turistas\"}]},{\"@type\":\"WebSite\",\"@id\":\"https:\/\/cheaprentacarpanama.com\/#website\",\"url\":\"https:\/\/cheaprentacarpanama.com\/\",\"name\":\"Cheap Rent a Car Panama\",\"description\":\"\",\"publisher\":{\"@id\":\"https:\/\/cheaprentacarpanama.com\/#organization\"},\"potentialAction\":[{\"@type\":\"SearchAction\",\"target\":{\"@type\":\"EntryPoint\",\"urlTemplate\":\"https:\/\/cheaprentacarpanama.com\/?s={search_term_string}\"},\"query-input\":{\"@type\":\"PropertyValueSpecification\",\"valueRequired\":true,\"valueName\":\"search_term_string\"}}],\"inLanguage\":\"en-GB\"},{\"@type\":\"Organization\",\"@id\":\"https:\/\/cheaprentacarpanama.com\/#organization\",\"name\":\"Cheap Rent a Car\",\"url\":\"https:\/\/cheaprentacarpanama.com\/\",\"logo\":{\"@type\":\"ImageObject\",\"inLanguage\":\"en-GB\",\"@id\":\"https:\/\/cheaprentacarpanama.com\/#\/schema\/logo\/image\/\",\"url\":\"https:\/\/cheaprentacarpanama.com\/wp-content\/uploads\/2025\/04\/logoi23.jpg\",\"contentUrl\":\"https:\/\/cheaprentacarpanama.com\/wp-content\/uploads\/2025\/04\/logoi23.jpg\",\"width\":1920,\"height\":1080,\"caption\":\"Cheap Rent a Car\"},\"image\":{\"@id\":\"https:\/\/cheaprentacarpanama.com\/#\/schema\/logo\/image\/\"},\"sameAs\":[\"https:\/\/www.facebook.com\/cheaprentacarpty\",\"https:\/\/www.instagram.com\/cheaprentacarpty\"]}]}<\/script>\n<!-- \/ Yoast SEO Premium plugin. -->","yoast_head_json":{"title":"Alquiler de Autos para Turistas - Cheap Rent a Car","robots":{"index":"index","follow":"follow","max-snippet":"max-snippet:-1","max-image-preview":"max-image-preview:large","max-video-preview":"max-video-preview:-1"},"canonical":"https:\/\/cheaprentacarpanama.com\/en\/alquiler-de-autos-para-turistas\/","og_locale":"en_GB","og_type":"article","og_title":"Alquiler de Autos para Turistas","og_description":"Alquiler de Autos Paquete Turista La opci\u00f3n ideal para visitantes que buscan comodidad, conectividad y atenci\u00f3n preferencial desde su llegada. \u2714 SIM Card GRATIS de Tigo para conexi\u00f3n inmediata\u2714 Servicio de pick-up y drop-off en el aeropuerto sin costo\u2714 Cobertura S\u00faper Full: protecci\u00f3n completa ante imprevistos en carretera\u2714 Kilometraje diario ilimitado para descubrir cada rinc\u00f3n [&hellip;]","og_url":"https:\/\/cheaprentacarpanama.com\/en\/alquiler-de-autos-para-turistas\/","og_site_name":"Cheap Rent a Car","article_publisher":"https:\/\/www.facebook.com\/cheaprentacarpty","article_modified_time":"2026-03-23T02:52:48+00:00","og_image":[{"url":"https:\/\/cheaprentacarpanama.com\/wp-content\/uploads\/2026\/03\/paquete-turista.jpeg"}],"twitter_card":"summary_large_image","twitter_misc":{"Estimated reading time":"2 minutes"},"schema":{"@context":"https:\/\/schema.org","@graph":[{"@type":"WebPage","@id":"https:\/\/cheaprentacarpanama.com\/alquiler-de-autos-para-turistas\/","url":"https:\/\/cheaprentacarpanama.com\/alquiler-de-autos-para-turistas\/","name":"Alquiler de Autos para Turistas - Cheap Rent a Car","isPartOf":{"@id":"https:\/\/cheaprentacarpanama.com\/#website"},"primaryImageOfPage":{"@id":"https:\/\/cheaprentacarpanama.com\/alquiler-de-autos-para-turistas\/#primaryimage"},"image":{"@id":"https:\/\/cheaprentacarpanama.com\/alquiler-de-autos-para-turistas\/#primaryimage"},"thumbnailUrl":"https:\/\/cheaprentacarpanama.com\/wp-content\/uploads\/2026\/03\/paquete-turista.jpeg","datePublished":"2026-03-23T02:23:33+00:00","dateModified":"2026-03-23T02:52:48+00:00","breadcrumb":{"@id":"https:\/\/cheaprentacarpanama.com\/alquiler-de-autos-para-turistas\/#breadcrumb"},"inLanguage":"en-GB","potentialAction":[{"@type":"ReadAction","target":["https:\/\/cheaprentacarpanama.com\/alquiler-de-autos-para-turistas\/"]}]},{"@type":"ImageObject","inLanguage":"en-GB","@id":"https:\/\/cheaprentacarpanama.com\/alquiler-de-autos-para-turistas\/#primaryimage","url":"https:\/\/cheaprentacarpanama.com\/wp-content\/uploads\/2026\/03\/paquete-turista.jpeg","contentUrl":"https:\/\/cheaprentacarpanama.com\/wp-content\/uploads\/2026\/03\/paquete-turista.jpeg"},{"@type":"BreadcrumbList","@id":"https:\/\/cheaprentacarpanama.com\/alquiler-de-autos-para-turistas\/#breadcrumb","itemListElement":[{"@type":"ListItem","position":1,"name":"Portada","item":"https:\/\/cheaprentacarpanama.com\/"},{"@type":"ListItem","position":2,"name":"Alquiler de Autos para Turistas"}]},{"@type":"WebSite","@id":"https:\/\/cheaprentacarpanama.com\/#website","url":"https:\/\/cheaprentacarpanama.com\/","name":"Cheap Rent a Car Panama","description":"","publisher":{"@id":"https:\/\/cheaprentacarpanama.com\/#organization"},"potentialAction":[{"@type":"SearchAction","target":{"@type":"EntryPoint","urlTemplate":"https:\/\/cheaprentacarpanama.com\/?s={search_term_string}"},"query-input":{"@type":"PropertyValueSpecification","valueRequired":true,"valueName":"search_term_string"}}],"inLanguage":"en-GB"},{"@type":"Organization","@id":"https:\/\/cheaprentacarpanama.com\/#organization","name":"Cheap Rent a Car","url":"https:\/\/cheaprentacarpanama.com\/","logo":{"@type":"ImageObject","inLanguage":"en-GB","@id":"https:\/\/cheaprentacarpanama.com\/#\/schema\/logo\/image\/","url":"https:\/\/cheaprentacarpanama.com\/wp-content\/uploads\/2025\/04\/logoi23.jpg","contentUrl":"https:\/\/cheaprentacarpanama.com\/wp-content\/uploads\/2025\/04\/logoi23.jpg","width":1920,"height":1080,"caption":"Cheap Rent a Car"},"image":{"@id":"https:\/\/cheaprentacarpanama.com\/#\/schema\/logo\/image\/"},"sameAs":["https:\/\/www.facebook.com\/cheaprentacarpty","https:\/\/www.instagram.com\/cheaprentacarpty"]}]}},"_links":{"self":[{"href":"https:\/\/cheaprentacarpanama.com\/en\/wp-json\/wp\/v2\/pages\/24438","targetHints":{"allow":["GET"]}}],"collection":[{"href":"https:\/\/cheaprentacarpanama.com\/en\/wp-json\/wp\/v2\/pages"}],"about":[{"href":"https:\/\/cheaprentacarpanama.com\/en\/wp-json\/wp\/v2\/types\/page"}],"author":[{"embeddable":true,"href":"https:\/\/cheaprentacarpanama.com\/en\/wp-json\/wp\/v2\/users\/2"}],"replies":[{"embeddable":true,"href":"https:\/\/cheaprentacarpanama.com\/en\/wp-json\/wp\/v2\/comments?post=24438"}],"version-history":[{"count":18,"href":"https:\/\/cheaprentacarpanama.com\/en\/wp-json\/wp\/v2\/pages\/24438\/revisions"}],"predecessor-version":[{"id":24459,"href":"https:\/\/cheaprentacarpanama.com\/en\/wp-json\/wp\/v2\/pages\/24438\/revisions\/24459"}],"wp:attachment":[{"href":"https:\/\/cheaprentacarpanama.com\/en\/wp-json\/wp\/v2\/media?parent=24438"}],"curies":[{"name":"wp","href":"https:\/\/api.w.org\/{rel}","templated":true}]}}